{"id":1547,"date":"2023-05-19T15:06:04","date_gmt":"2023-05-19T13:06:04","guid":{"rendered":"https:\/\/n-hubprojects.com\/led\/"},"modified":"2024-10-07T16:44:36","modified_gmt":"2024-10-07T14:44:36","slug":"led","status":"publish","type":"page","link":"https:\/\/n-hubprojects.com\/en\/led\/","title":{"rendered":"Le+d"},"content":{"rendered":"\t\t<div data-elementor-type=\"wp-page\" data-elementor-id=\"1547\" class=\"elementor elementor-1547 elementor-1179\" data-elementor-post-type=\"page\">\n\t\t\t\t\t\t\t\t\t<section class=\"elementor-section elementor-top-section elementor-element elementor-element-1df158f elementor-section-full_width elementor-reverse-mobile elementor-section-height-default elementor-section-height-default\" data-id=\"1df158f\" data-element_type=\"section\" data-settings=\"{&quot;background_background&quot;:&quot;classic&quot;}\">\n\t\t\t\t\t\t<div class=\"elementor-container elementor-column-gap-default\">\n\t\t\t\t\t<div class=\"elementor-column elementor-col-50 elementor-top-column elementor-element elementor-element-b26219f\" data-id=\"b26219f\" data-element_type=\"column\" data-settings=\"{&quot;background_background&quot;:&quot;classic&quot;}\">\n\t\t\t<div class=\"elementor-widget-wrap elementor-element-populated\">\n\t\t\t\t\t\t\t\t<div class=\"elementor-element elementor-element-8043627 elementor-widget elementor-widget-image\" data-id=\"8043627\" data-element_type=\"widget\" data-widget_type=\"image.default\">\n\t\t\t\t<div class=\"elementor-widget-container\">\n\t\t\t<style>\/*! elementor - v3.17.0 - 08-11-2023 *\/\n.elementor-widget-image{text-align:center}.elementor-widget-image a{display:inline-block}.elementor-widget-image a img[src$=\".svg\"]{width:48px}.elementor-widget-image img{vertical-align:middle;display:inline-block}<\/style>\t\t\t\t\t\t\t\t\t\t\t\t<img loading=\"lazy\" decoding=\"async\" width=\"2500\" height=\"2813\" src=\"https:\/\/n-hubprojects.com\/site\/wp-content\/uploads\/2023\/03\/n-hub-trasparente.webp\" class=\"attachment-full size-full wp-image-873\" alt=\"\" srcset=\"https:\/\/n-hubprojects.com\/site\/wp-content\/uploads\/2023\/03\/n-hub-trasparente.webp 2500w, https:\/\/n-hubprojects.com\/site\/wp-content\/uploads\/2023\/03\/n-hub-trasparente-267x300.webp 267w, https:\/\/n-hubprojects.com\/site\/wp-content\/uploads\/2023\/03\/n-hub-trasparente-910x1024.webp 910w, https:\/\/n-hubprojects.com\/site\/wp-content\/uploads\/2023\/03\/n-hub-trasparente-768x864.webp 768w, https:\/\/n-hubprojects.com\/site\/wp-content\/uploads\/2023\/03\/n-hub-trasparente-1365x1536.webp 1365w, https:\/\/n-hubprojects.com\/site\/wp-content\/uploads\/2023\/03\/n-hub-trasparente-1820x2048.webp 1820w\" sizes=\"auto, (max-width: 2500px) 100vw, 2500px\" \/>\t\t\t\t\t\t\t\t\t\t\t\t\t\t\t<\/div>\n\t\t\t\t<\/div>\n\t\t\t\t\t<\/div>\n\t\t<\/div>\n\t\t\t\t<div class=\"elementor-column elementor-col-50 elementor-top-column elementor-element elementor-element-57e4d6c hdg-col-sfumo-plus\" data-id=\"57e4d6c\" data-element_type=\"column\" data-settings=\"{&quot;background_background&quot;:&quot;classic&quot;}\">\n\t\t\t<div class=\"elementor-widget-wrap elementor-element-populated\">\n\t\t\t\t\t\t\t\t<div class=\"elementor-element elementor-element-f38c9c4 elementor-widget elementor-widget-text-editor\" data-id=\"f38c9c4\" data-element_type=\"widget\" data-widget_type=\"text-editor.default\">\n\t\t\t\t<div class=\"elementor-widget-container\">\n\t\t\t<style>\/*! elementor - v3.17.0 - 08-11-2023 *\/\n.elementor-widget-text-editor.elementor-drop-cap-view-stacked .elementor-drop-cap{background-color:#69727d;color:#fff}.elementor-widget-text-editor.elementor-drop-cap-view-framed .elementor-drop-cap{color:#69727d;border:3px solid;background-color:transparent}.elementor-widget-text-editor:not(.elementor-drop-cap-view-default) .elementor-drop-cap{margin-top:8px}.elementor-widget-text-editor:not(.elementor-drop-cap-view-default) .elementor-drop-cap-letter{width:1em;height:1em}.elementor-widget-text-editor .elementor-drop-cap{float:left;text-align:center;line-height:1;font-size:50px}.elementor-widget-text-editor .elementor-drop-cap-letter{display:inline-block}<\/style>\t\t\t\t<p>\u00a0 \u00a0 \u00a0 \u00a0 \u00a0 \u00a0 \u00a0 \u00a0 Le+d<\/p>\t\t\t\t\t\t<\/div>\n\t\t\t\t<\/div>\n\t\t\t\t\t<\/div>\n\t\t<\/div>\n\t\t\t\t\t\t\t<\/div>\n\t\t<\/section>\n\t\t\t\t<section class=\"elementor-section elementor-top-section elementor-element elementor-element-8d16c21 elementor-section-full_width elementor-reverse-mobile elementor-section-height-default elementor-section-height-default\" data-id=\"8d16c21\" data-element_type=\"section\">\n\t\t\t\t\t\t<div class=\"elementor-container elementor-column-gap-default\">\n\t\t\t\t\t<div class=\"elementor-column elementor-col-50 elementor-top-column elementor-element elementor-element-0a76ae6\" data-id=\"0a76ae6\" data-element_type=\"column\" data-settings=\"{&quot;background_background&quot;:&quot;classic&quot;}\">\n\t\t\t<div class=\"elementor-widget-wrap elementor-element-populated\">\n\t\t\t\t\t\t\t\t<div class=\"elementor-element elementor-element-b2a5586 elementor-widget elementor-widget-image\" data-id=\"b2a5586\" data-element_type=\"widget\" data-widget_type=\"image.default\">\n\t\t\t\t<div class=\"elementor-widget-container\">\n\t\t\t\t\t\t\t\t\t\t\t\t\t\t\t<img loading=\"lazy\" decoding=\"async\" width=\"2316\" height=\"2138\" src=\"https:\/\/n-hubprojects.com\/site\/wp-content\/uploads\/2024\/10\/09_Frame-Tavolino_1-1-1.webp\" class=\"attachment-full size-full wp-image-1948\" alt=\"\" srcset=\"https:\/\/n-hubprojects.com\/site\/wp-content\/uploads\/2024\/10\/09_Frame-Tavolino_1-1-1.webp 2316w, https:\/\/n-hubprojects.com\/site\/wp-content\/uploads\/2024\/10\/09_Frame-Tavolino_1-1-1-300x277.webp 300w, https:\/\/n-hubprojects.com\/site\/wp-content\/uploads\/2024\/10\/09_Frame-Tavolino_1-1-1-1024x945.webp 1024w, https:\/\/n-hubprojects.com\/site\/wp-content\/uploads\/2024\/10\/09_Frame-Tavolino_1-1-1-768x709.webp 768w, https:\/\/n-hubprojects.com\/site\/wp-content\/uploads\/2024\/10\/09_Frame-Tavolino_1-1-1-1536x1418.webp 1536w, https:\/\/n-hubprojects.com\/site\/wp-content\/uploads\/2024\/10\/09_Frame-Tavolino_1-1-1-2048x1891.webp 2048w\" sizes=\"auto, (max-width: 2316px) 100vw, 2316px\" \/>\t\t\t\t\t\t\t\t\t\t\t\t\t\t\t<\/div>\n\t\t\t\t<\/div>\n\t\t\t\t\t<\/div>\n\t\t<\/div>\n\t\t\t\t<div class=\"elementor-column elementor-col-50 elementor-top-column elementor-element elementor-element-3922b10\" data-id=\"3922b10\" data-element_type=\"column\">\n\t\t\t<div class=\"elementor-widget-wrap elementor-element-populated\">\n\t\t\t\t\t\t\t\t<div class=\"elementor-element elementor-element-052e7f1 elementor-widget__width-auto hdg-txt elementor-widget elementor-widget-text-editor\" data-id=\"052e7f1\" data-element_type=\"widget\" data-widget_type=\"text-editor.default\">\n\t\t\t\t<div class=\"elementor-widget-container\">\n\t\t\t\t\t\t\t<div class=\"hdg-lines-text\"><\/div>About us<br>\n<strong>Le+d<\/strong>\t\t\t\t\t\t<\/div>\n\t\t\t\t<\/div>\n\t\t\t\t<div class=\"elementor-element elementor-element-8b80516 elementor-widget elementor-widget-text-editor\" data-id=\"8b80516\" data-element_type=\"widget\" data-widget_type=\"text-editor.default\">\n\t\t\t\t<div class=\"elementor-widget-container\">\n\t\t\t\t\t\t\t<p class=\"p1\">Impreziosire arredi e ambienti con la luce richiede conoscenza, esperienza e creativit\u00e0. LE+D, nel corso degli anni, ha fatto sue queste caratteristiche e oggi pu\u00f2 essere considerata come un partner strategico nello sviluppo di progetti legati all&#8217;illuminazione. Da sempre Le+d opera nel mondo del lusso dove l&#8217;attenzione, la qualit\u00e0 della luce si unisce al design del prodotto.<\/p>\t\t\t\t\t\t<\/div>\n\t\t\t\t<\/div>\n\t\t\t\t\t<\/div>\n\t\t<\/div>\n\t\t\t\t\t\t\t<\/div>\n\t\t<\/section>\n\t\t\t\t<section class=\"elementor-section elementor-top-section elementor-element elementor-element-54279bc elementor-section-full_width elementor-section-height-default elementor-section-height-default\" data-id=\"54279bc\" data-element_type=\"section\">\n\t\t\t\t\t\t<div class=\"elementor-container elementor-column-gap-default\">\n\t\t\t\t\t<div class=\"elementor-column elementor-col-33 elementor-top-column elementor-element elementor-element-86f1a31\" data-id=\"86f1a31\" data-element_type=\"column\" data-settings=\"{&quot;background_background&quot;:&quot;classic&quot;}\">\n\t\t\t<div class=\"elementor-widget-wrap elementor-element-populated\">\n\t\t\t\t\t\t\t\t<div class=\"elementor-element elementor-element-738aed4 elementor-widget elementor-widget-image\" data-id=\"738aed4\" data-element_type=\"widget\" data-widget_type=\"image.default\">\n\t\t\t\t<div class=\"elementor-widget-container\">\n\t\t\t\t\t\t\t\t\t\t\t\t\t\t\t<img loading=\"lazy\" decoding=\"async\" width=\"3440\" height=\"2176\" src=\"https:\/\/n-hubprojects.com\/site\/wp-content\/uploads\/2024\/10\/A_3.5-1.webp\" class=\"attachment-full size-full wp-image-1954\" alt=\"\" srcset=\"https:\/\/n-hubprojects.com\/site\/wp-content\/uploads\/2024\/10\/A_3.5-1.webp 3440w, https:\/\/n-hubprojects.com\/site\/wp-content\/uploads\/2024\/10\/A_3.5-1-300x190.webp 300w, https:\/\/n-hubprojects.com\/site\/wp-content\/uploads\/2024\/10\/A_3.5-1-1024x648.webp 1024w, https:\/\/n-hubprojects.com\/site\/wp-content\/uploads\/2024\/10\/A_3.5-1-768x486.webp 768w, https:\/\/n-hubprojects.com\/site\/wp-content\/uploads\/2024\/10\/A_3.5-1-1536x972.webp 1536w, https:\/\/n-hubprojects.com\/site\/wp-content\/uploads\/2024\/10\/A_3.5-1-2048x1295.webp 2048w\" sizes=\"auto, (max-width: 3440px) 100vw, 3440px\" \/>\t\t\t\t\t\t\t\t\t\t\t\t\t\t\t<\/div>\n\t\t\t\t<\/div>\n\t\t\t\t\t<\/div>\n\t\t<\/div>\n\t\t\t\t<div class=\"elementor-column elementor-col-33 elementor-top-column elementor-element elementor-element-4dff5d7\" data-id=\"4dff5d7\" data-element_type=\"column\" data-settings=\"{&quot;background_background&quot;:&quot;classic&quot;}\">\n\t\t\t<div class=\"elementor-widget-wrap elementor-element-populated\">\n\t\t\t\t\t\t\t\t<div class=\"elementor-element elementor-element-8f69976 elementor-widget elementor-widget-image\" data-id=\"8f69976\" data-element_type=\"widget\" data-widget_type=\"image.default\">\n\t\t\t\t<div class=\"elementor-widget-container\">\n\t\t\t\t\t\t\t\t\t\t\t\t\t\t\t<img loading=\"lazy\" decoding=\"async\" width=\"2150\" height=\"3242\" src=\"https:\/\/n-hubprojects.com\/site\/wp-content\/uploads\/2024\/10\/A_2.9-1.webp\" class=\"attachment-full size-full wp-image-1950\" alt=\"\" srcset=\"https:\/\/n-hubprojects.com\/site\/wp-content\/uploads\/2024\/10\/A_2.9-1.webp 2150w, https:\/\/n-hubprojects.com\/site\/wp-content\/uploads\/2024\/10\/A_2.9-1-199x300.webp 199w, https:\/\/n-hubprojects.com\/site\/wp-content\/uploads\/2024\/10\/A_2.9-1-679x1024.webp 679w, https:\/\/n-hubprojects.com\/site\/wp-content\/uploads\/2024\/10\/A_2.9-1-768x1158.webp 768w, https:\/\/n-hubprojects.com\/site\/wp-content\/uploads\/2024\/10\/A_2.9-1-1019x1536.webp 1019w, https:\/\/n-hubprojects.com\/site\/wp-content\/uploads\/2024\/10\/A_2.9-1-1358x2048.webp 1358w\" sizes=\"auto, (max-width: 2150px) 100vw, 2150px\" \/>\t\t\t\t\t\t\t\t\t\t\t\t\t\t\t<\/div>\n\t\t\t\t<\/div>\n\t\t\t\t\t<\/div>\n\t\t<\/div>\n\t\t\t\t<div class=\"elementor-column elementor-col-33 elementor-top-column elementor-element elementor-element-869a568\" data-id=\"869a568\" data-element_type=\"column\" data-settings=\"{&quot;background_background&quot;:&quot;classic&quot;}\">\n\t\t\t<div class=\"elementor-widget-wrap elementor-element-populated\">\n\t\t\t\t\t\t\t\t<div class=\"elementor-element elementor-element-7133c6f elementor-widget elementor-widget-image\" data-id=\"7133c6f\" data-element_type=\"widget\" data-widget_type=\"image.default\">\n\t\t\t\t<div class=\"elementor-widget-container\">\n\t\t\t\t\t\t\t\t\t\t\t\t\t\t\t<img loading=\"lazy\" decoding=\"async\" width=\"1942\" height=\"2176\" src=\"https:\/\/n-hubprojects.com\/site\/wp-content\/uploads\/2024\/10\/A_3.4-1.webp\" class=\"attachment-full size-full wp-image-1952\" alt=\"\" srcset=\"https:\/\/n-hubprojects.com\/site\/wp-content\/uploads\/2024\/10\/A_3.4-1.webp 1942w, https:\/\/n-hubprojects.com\/site\/wp-content\/uploads\/2024\/10\/A_3.4-1-268x300.webp 268w, https:\/\/n-hubprojects.com\/site\/wp-content\/uploads\/2024\/10\/A_3.4-1-914x1024.webp 914w, https:\/\/n-hubprojects.com\/site\/wp-content\/uploads\/2024\/10\/A_3.4-1-768x861.webp 768w, https:\/\/n-hubprojects.com\/site\/wp-content\/uploads\/2024\/10\/A_3.4-1-1371x1536.webp 1371w, https:\/\/n-hubprojects.com\/site\/wp-content\/uploads\/2024\/10\/A_3.4-1-1828x2048.webp 1828w\" sizes=\"auto, (max-width: 1942px) 100vw, 1942px\" \/>\t\t\t\t\t\t\t\t\t\t\t\t\t\t\t<\/div>\n\t\t\t\t<\/div>\n\t\t\t\t\t<\/div>\n\t\t<\/div>\n\t\t\t\t\t\t\t<\/div>\n\t\t<\/section>\n\t\t\t\t<section class=\"elementor-section elementor-top-section elementor-element elementor-element-1525bd8 elementor-section-full_width elementor-reverse-mobile elementor-section-height-default elementor-section-height-default\" data-id=\"1525bd8\" data-element_type=\"section\">\n\t\t\t\t\t\t<div class=\"elementor-container elementor-column-gap-default\">\n\t\t\t\t\t<div class=\"elementor-column elementor-col-33 elementor-top-column elementor-element elementor-element-01af627\" data-id=\"01af627\" data-element_type=\"column\" data-settings=\"{&quot;background_background&quot;:&quot;classic&quot;}\">\n\t\t\t<div class=\"elementor-widget-wrap\">\n\t\t\t\t\t\t\t\t\t<\/div>\n\t\t<\/div>\n\t\t\t\t<div class=\"elementor-column elementor-col-33 elementor-top-column elementor-element elementor-element-2e6e187\" data-id=\"2e6e187\" data-element_type=\"column\">\n\t\t\t<div class=\"elementor-widget-wrap elementor-element-populated\">\n\t\t\t\t\t\t\t\t<div class=\"elementor-element elementor-element-6402c69 elementor-widget elementor-widget-text-editor\" data-id=\"6402c69\" data-element_type=\"widget\" data-widget_type=\"text-editor.default\">\n\t\t\t\t<div class=\"elementor-widget-container\">\n\t\t\t\t\t\t\t<p class=\"p1\">L&#8217;abilit\u00e0 delle nostre maestranze si combina con una moderna ed efficiente gestione aziendale garantendo, cos\u00ec, innovazione, puntualit\u00e0 nelle consegne, ottimizzazione del servizio. A tutto ci\u00f2 si aggiungono le certificazioni internazionali che ci permettono di accompagnare i nostri clienti in quasi tutti paesi del mondo.<\/p>\t\t\t\t\t\t<\/div>\n\t\t\t\t<\/div>\n\t\t\t\t<div class=\"elementor-element elementor-element-3bf2c2f hdg-button elementor-widget elementor-widget-text-editor\" data-id=\"3bf2c2f\" data-element_type=\"widget\" data-widget_type=\"text-editor.default\">\n\t\t\t\t<div class=\"elementor-widget-container\">\n\t\t\t\t\t\t\t<div class=\"hdg-lines-button\"><\/div><a href=\"https:\/\/www.lightengineering.net\/\" target=\"_blank\" rel=\"noopener\"><strong>Web site<\/strong><\/a>\t\t\t\t\t\t<\/div>\n\t\t\t\t<\/div>\n\t\t\t\t\t<\/div>\n\t\t<\/div>\n\t\t\t\t<div class=\"elementor-column elementor-col-33 elementor-top-column elementor-element elementor-element-3fe876e\" data-id=\"3fe876e\" data-element_type=\"column\">\n\t\t\t<div class=\"elementor-widget-wrap\">\n\t\t\t\t\t\t\t\t\t<\/div>\n\t\t<\/div>\n\t\t\t\t\t\t\t<\/div>\n\t\t<\/section>\n\t\t\t\t\t\t\t<\/div>\n\t\t","protected":false},"excerpt":{"rendered":"<p>\u00a0 \u00a0 \u00a0 \u00a0 \u00a0 \u00a0 \u00a0 \u00a0 Le+d About us Le+d Impreziosire arredi e ambienti con la luce richiede conoscenza, esperienza e creativit\u00e0. LE+D, nel corso degli anni, ha fatto sue queste caratteristiche e oggi pu\u00f2 essere considerata come un partner strategico nello sviluppo di progetti legati all&#8217;illuminazione. Da sempre Le+d opera nel mondo [&hellip;]<\/p>\n","protected":false},"author":1,"featured_media":0,"parent":0,"menu_order":70,"comment_status":"closed","ping_status":"closed","template":"elementor_header_footer","meta":{"footnotes":""},"class_list":["post-1547","page","type-page","status-publish","hentry"],"yoast_head":"<!-- This site is optimized with the Yoast SEO plugin v21.5 - https:\/\/yoast.com\/wordpress\/plugins\/seo\/ -->\n<title>Le+d - N-HUB Project<\/title>\n<meta name=\"robots\" content=\"index, follow, max-snippet:-1, max-image-preview:large, max-video-preview:-1\" \/>\n<link rel=\"canonical\" href=\"https:\/\/n-hubprojects.com\/led\/\" \/>\n<meta property=\"og:locale\" content=\"en_US\" \/>\n<meta property=\"og:type\" content=\"article\" \/>\n<meta property=\"og:title\" content=\"Le+d - N-HUB Project\" \/>\n<meta property=\"og:description\" content=\"\u00a0 \u00a0 \u00a0 \u00a0 \u00a0 \u00a0 \u00a0 \u00a0 Le+d About us Le+d Impreziosire arredi e ambienti con la luce richiede conoscenza, esperienza e creativit\u00e0. LE+D, nel corso degli anni, ha fatto sue queste caratteristiche e oggi pu\u00f2 essere considerata come un partner strategico nello sviluppo di progetti legati all&#8217;illuminazione. Da sempre Le+d opera nel mondo [&hellip;]\" \/>\n<meta property=\"og:url\" content=\"https:\/\/n-hubprojects.com\/led\/\" \/>\n<meta property=\"og:site_name\" content=\"N-HUB Project\" \/>\n<meta property=\"article:modified_time\" content=\"2024-10-07T14:44:36+00:00\" \/>\n<meta property=\"og:image\" content=\"https:\/\/n-hubprojects.com\/site\/wp-content\/uploads\/2023\/03\/n-hub-trasparente.webp\" \/>\n<meta name=\"twitter:card\" content=\"summary_large_image\" \/>\n<meta name=\"twitter:label1\" content=\"Est. reading time\" \/>\n\t<meta name=\"twitter:data1\" content=\"2 minutes\" \/>\n<script type=\"application\/ld+json\" class=\"yoast-schema-graph\">{\"@context\":\"https:\/\/schema.org\",\"@graph\":[{\"@type\":\"WebPage\",\"@id\":\"https:\/\/n-hubprojects.com\/led\/\",\"url\":\"https:\/\/n-hubprojects.com\/led\/\",\"name\":\"Le+d - N-HUB Project\",\"isPartOf\":{\"@id\":\"https:\/\/n-hubprojects.com\/#website\"},\"datePublished\":\"2023-05-19T13:06:04+00:00\",\"dateModified\":\"2024-10-07T14:44:36+00:00\",\"inLanguage\":\"en-US\",\"potentialAction\":[{\"@type\":\"ReadAction\",\"target\":[\"https:\/\/n-hubprojects.com\/led\/\"]}]},{\"@type\":\"WebSite\",\"@id\":\"https:\/\/n-hubprojects.com\/#website\",\"url\":\"https:\/\/n-hubprojects.com\/\",\"name\":\"N-HUB Project\",\"description\":\"Sinergy, production and management are the driving forces behind every project we make\",\"publisher\":{\"@id\":\"https:\/\/n-hubprojects.com\/#organization\"},\"alternateName\":\"Partner fidato che attraverso un metodo dinamico e organizzato, creato sulla richiesta del cliente, gestisce progetti chiavi in mano di ogni scala.\",\"potentialAction\":[{\"@type\":\"SearchAction\",\"target\":{\"@type\":\"EntryPoint\",\"urlTemplate\":\"https:\/\/n-hubprojects.com\/?s={search_term_string}\"},\"query-input\":\"required name=search_term_string\"}],\"inLanguage\":\"en-US\"},{\"@type\":\"Organization\",\"@id\":\"https:\/\/n-hubprojects.com\/#organization\",\"name\":\"N-HUB Projects\",\"alternateName\":\"Partner fidato che attraverso un metodo dinamico e organizzato, creato sulla richiesta del cliente, gestisce progetti chiavi in mano di ogni scala.\",\"url\":\"https:\/\/n-hubprojects.com\/\",\"logo\":{\"@type\":\"ImageObject\",\"inLanguage\":\"en-US\",\"@id\":\"https:\/\/n-hubprojects.com\/#\/schema\/logo\/image\/\",\"url\":\"https:\/\/n-hubprojects.com\/site\/wp-content\/uploads\/2023\/08\/cropped-favicon.jpg\",\"contentUrl\":\"https:\/\/n-hubprojects.com\/site\/wp-content\/uploads\/2023\/08\/cropped-favicon.jpg\",\"width\":512,\"height\":512,\"caption\":\"N-HUB Projects\"},\"image\":{\"@id\":\"https:\/\/n-hubprojects.com\/#\/schema\/logo\/image\/\"}}]}<\/script>\n<!-- \/ Yoast SEO plugin. -->","yoast_head_json":{"title":"Le+d - N-HUB Project","robots":{"index":"index","follow":"follow","max-snippet":"max-snippet:-1","max-image-preview":"max-image-preview:large","max-video-preview":"max-video-preview:-1"},"canonical":"https:\/\/n-hubprojects.com\/led\/","og_locale":"en_US","og_type":"article","og_title":"Le+d - N-HUB Project","og_description":"\u00a0 \u00a0 \u00a0 \u00a0 \u00a0 \u00a0 \u00a0 \u00a0 Le+d About us Le+d Impreziosire arredi e ambienti con la luce richiede conoscenza, esperienza e creativit\u00e0. LE+D, nel corso degli anni, ha fatto sue queste caratteristiche e oggi pu\u00f2 essere considerata come un partner strategico nello sviluppo di progetti legati all&#8217;illuminazione. Da sempre Le+d opera nel mondo [&hellip;]","og_url":"https:\/\/n-hubprojects.com\/led\/","og_site_name":"N-HUB Project","article_modified_time":"2024-10-07T14:44:36+00:00","og_image":[{"url":"https:\/\/n-hubprojects.com\/site\/wp-content\/uploads\/2023\/03\/n-hub-trasparente.webp"}],"twitter_card":"summary_large_image","twitter_misc":{"Est. reading time":"2 minutes"},"schema":{"@context":"https:\/\/schema.org","@graph":[{"@type":"WebPage","@id":"https:\/\/n-hubprojects.com\/led\/","url":"https:\/\/n-hubprojects.com\/led\/","name":"Le+d - N-HUB Project","isPartOf":{"@id":"https:\/\/n-hubprojects.com\/#website"},"datePublished":"2023-05-19T13:06:04+00:00","dateModified":"2024-10-07T14:44:36+00:00","inLanguage":"en-US","potentialAction":[{"@type":"ReadAction","target":["https:\/\/n-hubprojects.com\/led\/"]}]},{"@type":"WebSite","@id":"https:\/\/n-hubprojects.com\/#website","url":"https:\/\/n-hubprojects.com\/","name":"N-HUB Project","description":"Sinergy, production and management are the driving forces behind every project we make","publisher":{"@id":"https:\/\/n-hubprojects.com\/#organization"},"alternateName":"Partner fidato che attraverso un metodo dinamico e organizzato, creato sulla richiesta del cliente, gestisce progetti chiavi in mano di ogni scala.","potentialAction":[{"@type":"SearchAction","target":{"@type":"EntryPoint","urlTemplate":"https:\/\/n-hubprojects.com\/?s={search_term_string}"},"query-input":"required name=search_term_string"}],"inLanguage":"en-US"},{"@type":"Organization","@id":"https:\/\/n-hubprojects.com\/#organization","name":"N-HUB Projects","alternateName":"Partner fidato che attraverso un metodo dinamico e organizzato, creato sulla richiesta del cliente, gestisce progetti chiavi in mano di ogni scala.","url":"https:\/\/n-hubprojects.com\/","logo":{"@type":"ImageObject","inLanguage":"en-US","@id":"https:\/\/n-hubprojects.com\/#\/schema\/logo\/image\/","url":"https:\/\/n-hubprojects.com\/site\/wp-content\/uploads\/2023\/08\/cropped-favicon.jpg","contentUrl":"https:\/\/n-hubprojects.com\/site\/wp-content\/uploads\/2023\/08\/cropped-favicon.jpg","width":512,"height":512,"caption":"N-HUB Projects"},"image":{"@id":"https:\/\/n-hubprojects.com\/#\/schema\/logo\/image\/"}}]}},"_links":{"self":[{"href":"https:\/\/n-hubprojects.com\/en\/wp-json\/wp\/v2\/pages\/1547","targetHints":{"allow":["GET"]}}],"collection":[{"href":"https:\/\/n-hubprojects.com\/en\/wp-json\/wp\/v2\/pages"}],"about":[{"href":"https:\/\/n-hubprojects.com\/en\/wp-json\/wp\/v2\/types\/page"}],"author":[{"embeddable":true,"href":"https:\/\/n-hubprojects.com\/en\/wp-json\/wp\/v2\/users\/1"}],"replies":[{"embeddable":true,"href":"https:\/\/n-hubprojects.com\/en\/wp-json\/wp\/v2\/comments?post=1547"}],"version-history":[{"count":10,"href":"https:\/\/n-hubprojects.com\/en\/wp-json\/wp\/v2\/pages\/1547\/revisions"}],"predecessor-version":[{"id":2042,"href":"https:\/\/n-hubprojects.com\/en\/wp-json\/wp\/v2\/pages\/1547\/revisions\/2042"}],"wp:attachment":[{"href":"https:\/\/n-hubprojects.com\/en\/wp-json\/wp\/v2\/media?parent=1547"}],"curies":[{"name":"wp","href":"https:\/\/api.w.org\/{rel}","templated":true}]}}